{"id":2,"date":"2016-05-10T03:48:21","date_gmt":"2016-05-10T03:48:21","guid":{"rendered":"http:\/\/unique-beauty.ch\/?page_id=2"},"modified":"2021-10-30T11:10:54","modified_gmt":"2021-10-30T11:10:54","slug":"sample-page","status":"publish","type":"page","link":"https:\/\/unique-beauty.ch\/","title":{"rendered":"Home"},"content":{"rendered":"\n<h2><strong>UNIQUE BEAUTY SCH\u00d6NHEITSSTUDIO<\/strong><\/h2>\n\n\n\n<p>Eli gr\u00fcndete 2013 das Unique Beauty Studio. Ihre Hauptaufgabe ist es, jeden Kunden wie eine Familie zu behandeln und ein Erlebnis zu schaffen, das die Sch\u00f6nheit, die bereits in jedem von Ihnen steckt, zur Geltung bringt.<\/p>\n\n\n\n<blockquote class=\"wp-block-quote has-text-align-center is-style-large\"><p>GOLD AUS DER SEELE SCH\u00d6PFEN<\/p><\/blockquote>\n\n\n\n<h2><strong>Was bedeutet Sch\u00f6nheit f\u00fcr Dich?<\/strong><\/h2>\n\n\n\n<p>Sch\u00f6nheit bedeutet f\u00fcr mich Selbstvertrauen. Es ist nicht nur eine physische Erscheinung, sondern ein Gef\u00fchl, das man jeden Tag in die Welt hinaus tr\u00e4gt.&nbsp; Egal welche Farbe, Form, Gr\u00f6\u00dfe oder sexuelle Vorliebe man hat, Sch\u00f6nheit wird und beginnt immer in uns allen. Kunst zu schaffen ist nicht nur meine Leidenschaft, sondern auch ein Gef\u00fchl der Dankbarkeit und Befriedigung, das ich jeden Tag empfinde, wenn ich wei\u00df, dass ich anderen helfe, sich sch\u00f6n zu f\u00fchlen.<\/p>\n","protected":false},"excerpt":{"rendered":"<p>UNIQUE BEAUTY SCH\u00d6NHEITSSTUDIO Eli gr\u00fcndete 2013 das Unique Beauty Studio. Ihre Hauptaufgabe ist es, jeden Kunden wie eine Familie zu behandeln und ein Erlebnis zu schaffen, das die Sch\u00f6nheit, die bereits in jedem von Ihnen steckt, zur Geltung bringt. GOLD AUS DER SEELE SCH\u00d6PFEN Was bedeutet Sch\u00f6nheit f\u00fcr Dich? Sch\u00f6nheit bedeutet f\u00fcr mich Selbstvertrauen. Es &hellip;<\/p>\n<p class=\"read-more\"> <a class=\"\" href=\"https:\/\/unique-beauty.ch\/\"> <span class=\"screen-reader-text\">Home<\/span> Weiterlesen &raquo;<\/a><\/p>\n","protected":false},"author":1,"featured_media":19,"parent":0,"menu_order":0,"comment_status":"closed","ping_status":"open","template":"","meta":[],"_links":{"self":[{"href":"https:\/\/unique-beauty.ch\/index.php?rest_route=\/wp\/v2\/pages\/2"}],"collection":[{"href":"https:\/\/unique-beauty.ch\/index.php?rest_route=\/wp\/v2\/pages"}],"about":[{"href":"https:\/\/unique-beauty.ch\/index.php?rest_route=\/wp\/v2\/types\/page"}],"author":[{"embeddable":true,"href":"https:\/\/unique-beauty.ch\/index.php?rest_route=\/wp\/v2\/users\/1"}],"replies":[{"embeddable":true,"href":"https:\/\/unique-beauty.ch\/index.php?rest_route=%2Fwp%2Fv2%2Fcomments&post=2"}],"version-history":[{"count":10,"href":"https:\/\/unique-beauty.ch\/index.php?rest_route=\/wp\/v2\/pages\/2\/revisions"}],"predecessor-version":[{"id":129,"href":"https:\/\/unique-beauty.ch\/index.php?rest_route=\/wp\/v2\/pages\/2\/revisions\/129"}],"wp:featuredmedia":[{"embeddable":true,"href":"https:\/\/unique-beauty.ch\/index.php?rest_route=\/wp\/v2\/media\/19"}],"wp:attachment":[{"href":"https:\/\/unique-beauty.ch\/index.php?rest_route=%2Fwp%2Fv2%2Fmedia&parent=2"}],"curies":[{"name":"wp","href":"https:\/\/api.w.org\/{rel}","templated":true}]}}