{"id":30,"date":"2021-09-02T07:54:52","date_gmt":"2021-09-02T07:54:52","guid":{"rendered":"http:\/\/unique-beauty.ch\/?page_id=30"},"modified":"2021-10-30T10:56:07","modified_gmt":"2021-10-30T10:56:07","slug":"wer-ist-eli","status":"publish","type":"page","link":"https:\/\/unique-beauty.ch\/?page_id=30","title":{"rendered":"Wer ist Eli"},"content":{"rendered":"\n<p>Schon als Kind habe ich es immer geliebt, Gesichter und Gesichtsausdr\u00fccke von Menschen zu zeichnen. Das Frisieren und Schminken habe ich geliebt. Obwohl ich diese k\u00fcnstlerische und kreative Seele habe, habe ich viele verschiedene Dinge ausprobiert und habe schliesslich dann die kaufm\u00e4nnische Ausbildung abgeschlossen und so meine verschieden Berufserfahrungen gesammelt. Nach der Geburt meiner Tochter im Jahre 2012 habe ich mich entschlossen, aus meiner Passion einen Nebenjob zu machen und so kam es dazu, dass ich die Welt der Wimpernverl\u00e4ngerung entdeckte. Mit den Jahren wurde dies meine wahre Leidenschaft, n\u00e4mlich Menschen mit meiner k\u00fcnstlerischen Art und Weise einfach Happy zu machen. So beschloss ich mich zus\u00e4tzlich in die Welt des Brauenstylings, der Gesichtsbehandlungen und des Permanent-Make-ups einzuarbeiten, um meinen Kunden die bestm\u00f6glichen Behandlungen anzubieten. Es war die beste Entscheidung meines Lebens.<\/p>\n","protected":false},"excerpt":{"rendered":"<p>Schon als Kind habe ich es immer geliebt, Gesichter und Gesichtsausdr\u00fccke von Menschen zu zeichnen. Das Frisieren und Schminken habe ich geliebt. Obwohl ich diese k\u00fcnstlerische und kreative Seele habe, habe ich viele verschiedene Dinge ausprobiert und habe schliesslich dann die kaufm\u00e4nnische Ausbildung abgeschlossen und so meine verschieden Berufserfahrungen gesammelt. Nach der Geburt meiner Tochter &hellip;<\/p>\n<p class=\"read-more\"> <a class=\"\" href=\"https:\/\/unique-beauty.ch\/?page_id=30\"> <span class=\"screen-reader-text\">Wer ist Eli<\/span> Weiterlesen &raquo;<\/a><\/p>\n","protected":false},"author":1,"featured_media":16,"parent":0,"menu_order":0,"comment_status":"closed","ping_status":"closed","template":"","meta":[],"_links":{"self":[{"href":"https:\/\/unique-beauty.ch\/index.php?rest_route=\/wp\/v2\/pages\/30"}],"collection":[{"href":"https:\/\/unique-beauty.ch\/index.php?rest_route=\/wp\/v2\/pages"}],"about":[{"href":"https:\/\/unique-beauty.ch\/index.php?rest_route=\/wp\/v2\/types\/page"}],"author":[{"embeddable":true,"href":"https:\/\/unique-beauty.ch\/index.php?rest_route=\/wp\/v2\/users\/1"}],"replies":[{"embeddable":true,"href":"https:\/\/unique-beauty.ch\/index.php?rest_route=%2Fwp%2Fv2%2Fcomments&post=30"}],"version-history":[{"count":5,"href":"https:\/\/unique-beauty.ch\/index.php?rest_route=\/wp\/v2\/pages\/30\/revisions"}],"predecessor-version":[{"id":110,"href":"https:\/\/unique-beauty.ch\/index.php?rest_route=\/wp\/v2\/pages\/30\/revisions\/110"}],"wp:featuredmedia":[{"embeddable":true,"href":"https:\/\/unique-beauty.ch\/index.php?rest_route=\/wp\/v2\/media\/16"}],"wp:attachment":[{"href":"https:\/\/unique-beauty.ch\/index.php?rest_route=%2Fwp%2Fv2%2Fmedia&parent=30"}],"curies":[{"name":"wp","href":"https:\/\/api.w.org\/{rel}","templated":true}]}}