{"id":33,"date":"2021-09-02T07:55:27","date_gmt":"2021-09-02T07:55:27","guid":{"rendered":"http:\/\/unique-beauty.ch\/?page_id=33"},"modified":"2021-10-30T11:11:10","modified_gmt":"2021-10-30T11:11:10","slug":"faq","status":"publish","type":"page","link":"https:\/\/unique-beauty.ch\/?page_id=33","title":{"rendered":"FAQ"},"content":{"rendered":"\n<h2><strong>Meistgestellte Fragen zu POWDERBROWS<\/strong><\/h2>\n\n\n\n<p>*Bitte lese die folgenden Informationen gut durch, um dir die bestm\u00f6gliche Erfahrung zu gew\u00e4hrleisten.<\/p>\n\n\n\n<p>*Wenn Deine Haut eher fettig ist und du deine Augenbrauen jeden Tag mit Make-up auff\u00fcllen musst, sind Powderbrows die beste Wahl! Wenn Du viele fehlende Haare und d\u00fcnne Augenbrauen hast, ist diese Technik ebenfalls die beste Wahl, da sie ein nat\u00fcrliches Aussehen verleiht.&nbsp; Au\u00dferdem ist es f\u00fcr <strong>ALLE <\/strong>Hauttypen sicher!<\/p>\n\n\n\n<p>*Wenn Du dir nicht sicher bist, schicke mir bitte ein Bild Deiner nat\u00fcrlichen Brauen ohne Make-up oder vereinbare einen kostenlosen Beratungstermin.<\/p>\n\n\n\n<p>Wenn Du Deine Augenbrauen zuvor von einem anderen K\u00fcnstler t\u00e4towieren lassen hast, m\u00fcsstest DU mir ein m\u00f6glichst deutliches Foto Deiner Augenbrauen ohne Make-up schicken, damit ich beurteilen kann, ob wir sie abdecken k\u00f6nnen oder nicht. Korrektur-\/Verdeckungsarbeiten k\u00f6nnen evtl. Preiserh\u00f6hungen beinhalten.<\/p>\n\n\n\n<p>In der ersten Woche werden Deine Brauen SEHR dunkel sein. Dies gilt nur f\u00fcr die 7 Tage der Heilungszeit. Nach dem Peeling werden die Brauen etwa 40-70% heller. Das Auffrischen dient dazu, Deine Brauen zu perfektionieren und die Farbe aufzuf\u00fcllen, die vielleicht nicht geblieben ist. Du darfst Deine Brauen 7 Tage lang NICHT mit Wasser benetzen (ich gebe dir Tipps, wie Du dies umgehen kannst).<\/p>\n\n\n\n<p>Du darfst NICHT schwanger sein oder stillen.<br>Du musst mindestens 18 Jahre alt sein und darfst am Tag deines Termins KEIN COFFEIN, ALKOHOL, IBUPROFEN, ASPIRIN nehmen. Wenn Du &nbsp;mehrere verschriebene Medikamente einnehmen musst, informiere mich bitte im voraus. Semi-permanentes Make-up kann bei bestimmten Medikamenten nicht gemacht werden. Es geht darum, das zu finden, was f\u00fcr Dich am besten funktioniert!!<\/p>\n\n\n\n<h2><strong>Der Eingriff kann NICHT durchgef\u00fchrt werden, wenn:<\/strong><\/h2>\n\n\n\n<ul><li>Personen, die unter 18 Jahre sind<\/li><li>Schwangere oder Stillende<\/li><li>Diabetiker<\/li><li>wenn Symptome von Hautkrankheiten oder Irritationen im Bereich der Augenbrauen, der Augenlinie oder der Lippen auftreten<\/li><li>unmittelbar nach einer Botox-Behandlung (nach 3 Wochen ist es erlaubt)<\/li><li>wenn Du Accutane, Isotretinoin oder andere starke Retinoide verwendest (nach 6 Monaten ist es erlaubt)<\/li><li>wenn Du einen Herzschrittmacher hast (nicht erlaubt bei maschineller Technik, aber erlaubt bei manueller Technik)<\/li><li>bei Sonnenbrand oder Frostbeulen (Behandlung nach Abklingen der Symptome erlaubt)<\/li><li>bei Keloiden oder Neigung zu Keloiden, ungew\u00f6hnlichen Narben, Muttermalen, Leberflecken<\/li><li>unmittelbar nach dem Waxing<\/li><li>nach einem starken chemischen Peeling<\/li><\/ul>\n","protected":false},"excerpt":{"rendered":"<p>Meistgestellte Fragen zu POWDERBROWS *Bitte lese die folgenden Informationen gut durch, um dir die bestm\u00f6gliche Erfahrung zu gew\u00e4hrleisten. *Wenn Deine Haut eher fettig ist und du deine Augenbrauen jeden Tag mit Make-up auff\u00fcllen musst, sind Powderbrows die beste Wahl! Wenn Du viele fehlende Haare und d\u00fcnne Augenbrauen hast, ist diese Technik ebenfalls die beste Wahl, &hellip;<\/p>\n<p class=\"read-more\"> <a class=\"\" href=\"https:\/\/unique-beauty.ch\/?page_id=33\"> <span class=\"screen-reader-text\">FAQ<\/span> Weiterlesen &raquo;<\/a><\/p>\n","protected":false},"author":1,"featured_media":0,"parent":0,"menu_order":0,"comment_status":"closed","ping_status":"closed","template":"","meta":[],"_links":{"self":[{"href":"https:\/\/unique-beauty.ch\/index.php?rest_route=\/wp\/v2\/pages\/33"}],"collection":[{"href":"https:\/\/unique-beauty.ch\/index.php?rest_route=\/wp\/v2\/pages"}],"about":[{"href":"https:\/\/unique-beauty.ch\/index.php?rest_route=\/wp\/v2\/types\/page"}],"author":[{"embeddable":true,"href":"https:\/\/unique-beauty.ch\/index.php?rest_route=\/wp\/v2\/users\/1"}],"replies":[{"embeddable":true,"href":"https:\/\/unique-beauty.ch\/index.php?rest_route=%2Fwp%2Fv2%2Fcomments&post=33"}],"version-history":[{"count":2,"href":"https:\/\/unique-beauty.ch\/index.php?rest_route=\/wp\/v2\/pages\/33\/revisions"}],"predecessor-version":[{"id":125,"href":"https:\/\/unique-beauty.ch\/index.php?rest_route=\/wp\/v2\/pages\/33\/revisions\/125"}],"wp:attachment":[{"href":"https:\/\/unique-beauty.ch\/index.php?rest_route=%2Fwp%2Fv2%2Fmedia&parent=33"}],"curies":[{"name":"wp","href":"https:\/\/api.w.org\/{rel}","templated":true}]}}